{"id":33,"date":"2015-10-10T08:53:04","date_gmt":"2015-10-10T08:53:04","guid":{"rendered":"http:\/\/metzgerei-ast.de\/?page_id=33"},"modified":"2016-11-04T17:12:02","modified_gmt":"2016-11-04T17:12:02","slug":"partyservice","status":"publish","type":"page","link":"https:\/\/metzgerei-ast.de\/?page_id=33","title":{"rendered":"Partyservice"},"content":{"rendered":"<p>Unser hauseigener Partyservice versorgt Sie gerne\u00a0mit Speisen direkt von der Metzgerei Ihres Vertrauens. Wir verwenden\u00a0nur hochwertige Produkte, die unserem\u00a0Anspruch an die\u00a0Qualit\u00e4t gerecht werden.<\/p>\n<p>Sind Sie noch unschl\u00fcssig, welche Speisen Sie Ihren G\u00e4sten bei Ihrem\u00a0n\u00e4chsten Event anbieten m\u00f6chten? Ausgew\u00e4hlte und bew\u00e4hrte Speisen k\u00f6nnen Sie sich gerne\u00a0in unserem Prospekt direkt in der Filiale ansehen und so einen Eindruck \u00fcber unser Angebot erhalten.<\/p>\n<p>Zur Planung des Partyservice\u00a0empfehlen wir\u00a0Ihnen immer den direkten Kontakt in der Metzgerei, da wir Sie dort umfangreich hinsichtlich der Zusammenstellung und Mengen beraten k\u00f6nnen. Gerne nehmen wir jedoch auch Ihre telefonische Bestellung entgegen.<\/p>\n","protected":false},"excerpt":{"rendered":"<p>Unser hauseigener Partyservice versorgt Sie gerne\u00a0mit Speisen direkt von der Metzgerei Ihres Vertrauens. Wir verwenden\u00a0nur hochwertige Produkte, die unserem\u00a0Anspruch an die\u00a0Qualit\u00e4t gerecht werden. Sind Sie noch unschl\u00fcssig, welche Speisen Sie Ihren G\u00e4sten bei Ihrem\u00a0n\u00e4chsten Event anbieten m\u00f6chten? Ausgew\u00e4hlte und bew\u00e4hrte Speisen k\u00f6nnen Sie sich gerne\u00a0in unserem Prospekt direkt in der Filiale ansehen und so einen [&hellip;]<\/p>\n","protected":false},"author":1,"featured_media":0,"parent":0,"menu_order":8,"comment_status":"closed","ping_status":"closed","template":"","meta":[],"_links":{"self":[{"href":"https:\/\/metzgerei-ast.de\/index.php?rest_route=\/wp\/v2\/pages\/33"}],"collection":[{"href":"https:\/\/metzgerei-ast.de\/index.php?rest_route=\/wp\/v2\/pages"}],"about":[{"href":"https:\/\/metzgerei-ast.de\/index.php?rest_route=\/wp\/v2\/types\/page"}],"author":[{"embeddable":true,"href":"https:\/\/metzgerei-ast.de\/index.php?rest_route=\/wp\/v2\/users\/1"}],"replies":[{"embeddable":true,"href":"https:\/\/metzgerei-ast.de\/index.php?rest_route=%2Fwp%2Fv2%2Fcomments&post=33"}],"version-history":[{"count":18,"href":"https:\/\/metzgerei-ast.de\/index.php?rest_route=\/wp\/v2\/pages\/33\/revisions"}],"predecessor-version":[{"id":199,"href":"https:\/\/metzgerei-ast.de\/index.php?rest_route=\/wp\/v2\/pages\/33\/revisions\/199"}],"wp:attachment":[{"href":"https:\/\/metzgerei-ast.de\/index.php?rest_route=%2Fwp%2Fv2%2Fmedia&parent=33"}],"curies":[{"name":"wp","href":"https:\/\/api.w.org\/{rel}","templated":true}]}}